{"id":732,"date":"2021-05-19T12:41:40","date_gmt":"2021-05-19T10:41:40","guid":{"rendered":"https:\/\/produktion-besser-machen.de\/?page_id=732"},"modified":"2021-08-04T09:43:56","modified_gmt":"2021-08-04T07:43:56","slug":"20-jahre-lup","status":"publish","type":"page","link":"https:\/\/produktion-besser-machen.de\/?page_id=732","title":{"rendered":"20 Jahre LUP"},"content":{"rendered":"<p>[et_pb_section fb_built=&#8220;1&#8243; fullwidth=&#8220;on&#8220; custom_padding_last_edited=&#8220;off|desktop&#8220; admin_label=&#8220;Logo Section&#8220; _builder_version=&#8220;4.6.6&#8243; background_color=&#8220;#101535&#8243; background_image=&#8220;https:\/\/produktion-besser-machen.de\/wp-content\/uploads\/2020\/11\/crypto-bg-02.png&#8220; parallax=&#8220;on&#8220; custom_margin=&#8220;||||false|false&#8220; custom_padding=&#8220;50px||||false|false&#8220; custom_padding_tablet=&#8220;0px||0px||false|false&#8220; custom_padding_phone=&#8220;0px||0px||false|false&#8220;][et_pb_fullwidth_image src=&#8220;https:\/\/produktion-besser-machen.de\/wp-content\/uploads\/2020\/12\/Logo-PBM-02.png&#8220; title_text=&#8220;Logo-PBM-02&#8243; url=&#8220;https:\/\/produktion-besser-machen.de&#8220; admin_label=&#8220;Logo&#8220; _builder_version=&#8220;4.8.0&#8243; _module_preset=&#8220;default&#8220; width=&#8220;10%&#8220; width_tablet=&#8220;&#8220; width_phone=&#8220;30%&#8220; width_last_edited=&#8220;on|desktop&#8220; module_alignment=&#8220;center&#8220; custom_margin=&#8220;||||false|false&#8220; custom_padding=&#8220;0px||0px||false|false&#8220; custom_padding_phone=&#8220;||0px||false|false&#8220; custom_padding_last_edited=&#8220;off|desktop&#8220; scroll_horizontal_motion=&#8220;0|60|60|100|4|0|-4&#8243; scroll_scaling_enable=&#8220;on&#8220;][\/et_pb_fullwidth_image][\/et_pb_section][et_pb_section fb_built=&#8220;1&#8243; admin_label=&#8220;Intro&#8220; _builder_version=&#8220;4.8.0&#8243; background_color=&#8220;#101535&#8243; custom_margin=&#8220;||||false|false&#8220; custom_padding=&#8220;|||&#8220;][et_pb_row column_structure=&#8220;1_3,2_3&#8243; _builder_version=&#8220;4.8.0&#8243; _module_preset=&#8220;default&#8220; background_color=&#8220;#FFFFFF&#8220; custom_padding=&#8220;||||false|false&#8220;][et_pb_column type=&#8220;1_3&#8243; _builder_version=&#8220;4.8.0&#8243; _module_preset=&#8220;default&#8220;][et_pb_image src=&#8220;https:\/\/produktion-besser-machen.de\/wp-content\/uploads\/2021\/06\/Logo_20_LUP_rgb_solo.jpg&#8220; title_text=&#8220;Logo_20_LUP_rgb_solo&#8220; align=&#8220;right&#8220; _builder_version=&#8220;4.8.0&#8243; _module_preset=&#8220;default&#8220; max_width=&#8220;50%&#8220; custom_margin=&#8220;15%||||false|false&#8220;][\/et_pb_image][\/et_pb_column][et_pb_column type=&#8220;2_3&#8243; _builder_version=&#8220;4.8.0&#8243; _module_preset=&#8220;default&#8220;][et_pb_text _builder_version=&#8220;4.8.0&#8243; _module_preset=&#8220;default&#8220; header_2_text_color=&#8220;#757575&#8243; background_color=&#8220;#FFFFFF&#8220; custom_margin=&#8220;|||-5%|false|false&#8220; custom_padding=&#8220;50px|50px|50px|50px|false|false&#8220;]<\/p>\n<h1>20 Jahre Lehrstuhl Umweltgerechte Produktionstechnik<\/h1>\n<h2>20 Jahre Mehrwert f\u00fcr Forschung und Industrie<\/h2>\n<p>[\/et_pb_text][\/et_pb_column][\/et_pb_row][\/et_pb_section][et_pb_section fb_built=&#8220;1&#8243; admin_label=&#8220;Intro&#8220; _builder_version=&#8220;4.8.0&#8243; background_color=&#8220;#101535&#8243; custom_margin=&#8220;||||false|false&#8220; custom_padding=&#8220;|||&#8220;][et_pb_row _builder_version=&#8220;4.8.0&#8243; _module_preset=&#8220;default&#8220; custom_margin=&#8220;-40px||||false|false&#8220;][et_pb_column type=&#8220;4_4&#8243; _builder_version=&#8220;4.8.0&#8243; _module_preset=&#8220;default&#8220;][et_pb_image src=&#8220;https:\/\/produktion-besser-machen.de\/wp-content\/uploads\/2021\/06\/210607-Symbolbild-PM-20-Jahre-LUP.jpg&#8220; title_text=&#8220;Symbolbild 20 Jahre LUP&#8220; _builder_version=&#8220;4.8.0&#8243; _module_preset=&#8220;default&#8220;][\/et_pb_image][\/et_pb_column][\/et_pb_row][\/et_pb_section][et_pb_section fb_built=&#8220;1&#8243; admin_label=&#8220;Intro&#8220; _builder_version=&#8220;4.8.0&#8243; background_color=&#8220;#101535&#8243; custom_margin=&#8220;-40px||||false|false&#8220; custom_padding=&#8220;||||false|false&#8220;][et_pb_row _builder_version=&#8220;4.8.0&#8243; background_color=&#8220;#FFFFFF&#8220; custom_padding=&#8220;40px||||false|false&#8220;][et_pb_column type=&#8220;4_4&#8243; _builder_version=&#8220;3.25&#8243; custom_padding=&#8220;|||&#8220; custom_padding__hover=&#8220;|||&#8220;][et_pb_text _builder_version=&#8220;4.8.0&#8243; _module_preset=&#8220;default&#8220; header_3_font=&#8220;|700|||||||&#8220; background_color=&#8220;#FFFFFF&#8220; text_orientation=&#8220;center&#8220; max_width=&#8220;100%&#8220; custom_padding=&#8220;5%|10%||10%|false|false&#8220;]<\/p>\n<p><strong>Webinar &#8211; Donnerstag, 29.07.2021<\/strong><\/p>\n<h3>Ressourcenschonung und Kreislaufwirtschaft im 21. Jahrhundert, nachhaltig &#8211; digital &#8211; effizient: Einblicke aus Forschung und Industrie<\/h3>\n<p>&nbsp;<\/p>\n<p>[\/et_pb_text][et_pb_text _builder_version=&#8220;4.8.0&#8243; _module_preset=&#8220;default&#8220; header_3_font=&#8220;|700|||||||&#8220; background_color=&#8220;#FFFFFF&#8220; text_orientation=&#8220;center&#8220; max_width=&#8220;100%&#8220; custom_padding=&#8220;|20%||20%|false|false&#8220;]<\/p>\n<table style=\"height: 429px; width: 698px; border: none;\">\n<tbody>\n<tr>\n<td style=\"width: 85.8px;\"><strong><span style=\"color: #000080; font-size: 120%;\">15:00<\/span><\/strong><\/td>\n<td style=\"width: 596.2px;\"><strong>Begr\u00fc\u00dfung<\/strong><br \/>Prof . Dr.-Ing. Frank D\u00f6pper<\/td>\n<\/tr>\n<tr>\n<td style=\"width: 85.8px;\"><strong><span style=\"color: #000080; font-size: 120%;\">15:10<\/span><\/strong><\/td>\n<td style=\"width: 596.2px;\"><strong>20 Jahre LUP am Campus der Perspektiven<\/strong><br \/>Gru\u00dfwort<br \/>Universit\u00e4tspr\u00e4sident Prof. Dr. Stefan Leible<\/td>\n<\/tr>\n<tr>\n<td style=\"width: 85.8px;\"><strong><span style=\"color: #000080; font-size: 120%;\">15:20<\/span><\/strong><\/td>\n<td style=\"width: 596.2px;\"><strong>Produktkreisl\u00e4ufe reduzieren unseren CO<sub>2<\/sub> Fu\u00dfabdruck<\/strong><br \/>Jan Koller, Lehrstuhl Umweltgerechte Produktionstechnik<br \/>Lars H\u00e4hnlein, BORG Automotive A\/S<\/td>\n<\/tr>\n<tr>\n<td style=\"width: 85.8px;\"><strong><span style=\"color: #000080; font-size: 120%;\">15:35<\/span><\/strong><\/td>\n<td style=\"width: 596.2px;\"><strong>Ressourcenschonung durch Data Science und Digitalisierung<\/strong><br \/>Markus Friedrich , Lehrstuhl Umweltgerechte Produktionstechnik<br \/>Dominik Bittner, Siemens AG<\/td>\n<\/tr>\n<tr>\n<td style=\"width: 85.8px;\"><strong><span style=\"color: #000080; font-size: 120%;\">15:50<\/span><\/strong><\/td>\n<td style=\"width: 596.2px;\"><strong>Additive Fertigung\/3D-Druck \u2013 wie innovative Produkte die Nachhaltigkeit steigern<\/strong><br \/>Christian Bay, Lehrstuhl Umweltgerechte Produktionstechnik<br \/>Dr. Christian Neuber, PPprint GmbH<\/td>\n<\/tr>\n<tr>\n<td style=\"width: 85.8px;\"><strong><span style=\"color: #000080; font-size: 120%;\">16:05<\/span><\/strong><\/td>\n<td style=\"width: 596.2px;\"><strong>Zusammenfassung und Verabschiedung<\/strong><br \/>Prof. Dr.-Ing. Frank D\u00f6pper<\/td>\n<\/tr>\n<\/tbody>\n<\/table>\n<p>&nbsp;<\/p>\n<h3>\u00a0<\/h3>\n<p>[\/et_pb_text][et_pb_contact_form email=&#8220;info.lup@uni-bayreuth.de&#8220; title=&#8220;Anmeldung&#8220; custom_message=&#8220;Anmeldung zu 20 Jahre LUP \u00fcber www.produktion-besser-machen.de||et_pb_line_break_holder||||et_pb_line_break_holder||Name: %%Name%%||et_pb_line_break_holder||Firma: %%Firma%%||et_pb_line_break_holder||Telefon: %%Telefon%%||et_pb_line_break_holder||E-Mail: %%E-Mail%%&#8220; success_message=&#8220;Danke f\u00fcr Ihre Anmeldung.&#8220; submit_button_text=&#8220;Anmelden&#8220; disabled_on=&#8220;on|on|on&#8220; admin_label=&#8220;Kontaktformular&#8220; module_id=&#8220;et_pb_contact_form_0&#8243; _builder_version=&#8220;4.8.0&#8243; form_field_background_color=&#8220;rgba(67,40,183,0.08)&#8220; form_field_text_color=&#8220;#42526b&#8220; title_font=&#8220;||||||||&#8220; form_field_font=&#8220;Titillium Web|600||on|||||&#8220; form_field_font_size=&#8220;12px&#8220; form_field_letter_spacing=&#8220;1px&#8220; background_color=&#8220;#ffffff&#8220; custom_button=&#8220;on&#8220; button_text_size=&#8220;13px&#8220; button_text_color=&#8220;#ffffff&#8220; button_bg_color=&#8220;#4328b7&#8243; button_border_width=&#8220;10px&#8220; button_border_color=&#8220;#4328b7&#8243; button_border_radius=&#8220;0px&#8220; button_letter_spacing=&#8220;2px&#8220; button_font=&#8220;Titillium Web|700||on|||||&#8220; custom_margin=&#8220;|||&#8220; custom_padding=&#8220;50px|50px|50px|50px&#8220; hover_enabled=&#8220;0&#8243; border_color_all=&#8220;#666EE8&#8243; box_shadow_style_button=&#8220;preset3&#8243; form_background_color=&#8220;rgba(67,40,183,0.08)&#8220; disabled=&#8220;on&#8220; global_module=&#8220;740&#8243; sticky_enabled=&#8220;0&#8243;][et_pb_contact_field field_id=&#8220;Name&#8220; field_title=&#8220;Ihr Name&#8220; _builder_version=&#8220;4.6.6&#8243; form_field_font=&#8220;|600||on|||||&#8220; button_text_size__hover_enabled=&#8220;off&#8220; button_one_text_size__hover_enabled=&#8220;off&#8220; button_two_text_size__hover_enabled=&#8220;off&#8220; button_text_color__hover_enabled=&#8220;off&#8220; button_one_text_color__hover_enabled=&#8220;off&#8220; button_two_text_color__hover_enabled=&#8220;off&#8220; button_border_width__hover_enabled=&#8220;off&#8220; button_one_border_width__hover_enabled=&#8220;off&#8220; button_two_border_width__hover_enabled=&#8220;off&#8220; button_border_color__hover_enabled=&#8220;off&#8220; button_one_border_color__hover_enabled=&#8220;off&#8220; button_two_border_color__hover_enabled=&#8220;off&#8220; button_border_radius__hover_enabled=&#8220;off&#8220; button_one_border_radius__hover_enabled=&#8220;off&#8220; button_two_border_radius__hover_enabled=&#8220;off&#8220; button_letter_spacing__hover_enabled=&#8220;off&#8220; button_one_letter_spacing__hover_enabled=&#8220;off&#8220; button_two_letter_spacing__hover_enabled=&#8220;off&#8220; button_bg_color__hover_enabled=&#8220;off&#8220; button_one_bg_color__hover_enabled=&#8220;off&#8220; button_two_bg_color__hover_enabled=&#8220;off&#8220;][\/et_pb_contact_field][et_pb_contact_field field_id=&#8220;Firma&#8220; field_title=&#8220;Ihr Unternehmen&#8220; _builder_version=&#8220;4.8.0&#8243; _module_preset=&#8220;default&#8220;][\/et_pb_contact_field][et_pb_contact_field field_id=&#8220;E-Mail&#8220; field_title=&#8220;Ihre E-Mail&#8220; field_type=&#8220;email&#8220; _builder_version=&#8220;4.8.0&#8243; form_field_font=&#8220;|600||on|||||&#8220; button_text_size__hover_enabled=&#8220;off&#8220; button_one_text_size__hover_enabled=&#8220;off&#8220; button_two_text_size__hover_enabled=&#8220;off&#8220; button_text_color__hover_enabled=&#8220;off&#8220; button_one_text_color__hover_enabled=&#8220;off&#8220; button_two_text_color__hover_enabled=&#8220;off&#8220; button_border_width__hover_enabled=&#8220;off&#8220; button_one_border_width__hover_enabled=&#8220;off&#8220; button_two_border_width__hover_enabled=&#8220;off&#8220; button_border_color__hover_enabled=&#8220;off&#8220; button_one_border_color__hover_enabled=&#8220;off&#8220; button_two_border_color__hover_enabled=&#8220;off&#8220; button_border_radius__hover_enabled=&#8220;off&#8220; button_one_border_radius__hover_enabled=&#8220;off&#8220; button_two_border_radius__hover_enabled=&#8220;off&#8220; button_letter_spacing__hover_enabled=&#8220;off&#8220; button_one_letter_spacing__hover_enabled=&#8220;off&#8220; button_two_letter_spacing__hover_enabled=&#8220;off&#8220; button_bg_color__hover_enabled=&#8220;off&#8220; button_one_bg_color__hover_enabled=&#8220;off&#8220; button_two_bg_color__hover_enabled=&#8220;off&#8220;][\/et_pb_contact_field][et_pb_contact_field field_id=&#8220;Telefon&#8220; field_title=&#8220;Ihre Telefonnummer&#8220; _builder_version=&#8220;4.8.0&#8243; form_field_font=&#8220;|600||on|||||&#8220; button_text_size__hover_enabled=&#8220;off&#8220; button_one_text_size__hover_enabled=&#8220;off&#8220; button_two_text_size__hover_enabled=&#8220;off&#8220; button_text_color__hover_enabled=&#8220;off&#8220; button_one_text_color__hover_enabled=&#8220;off&#8220; button_two_text_color__hover_enabled=&#8220;off&#8220; button_border_width__hover_enabled=&#8220;off&#8220; button_one_border_width__hover_enabled=&#8220;off&#8220; button_two_border_width__hover_enabled=&#8220;off&#8220; button_border_color__hover_enabled=&#8220;off&#8220; button_one_border_color__hover_enabled=&#8220;off&#8220; button_two_border_color__hover_enabled=&#8220;off&#8220; button_border_radius__hover_enabled=&#8220;off&#8220; button_one_border_radius__hover_enabled=&#8220;off&#8220; button_two_border_radius__hover_enabled=&#8220;off&#8220; button_letter_spacing__hover_enabled=&#8220;off&#8220; button_one_letter_spacing__hover_enabled=&#8220;off&#8220; button_two_letter_spacing__hover_enabled=&#8220;off&#8220; button_bg_color__hover_enabled=&#8220;off&#8220; button_one_bg_color__hover_enabled=&#8220;off&#8220; button_two_bg_color__hover_enabled=&#8220;off&#8220;][\/et_pb_contact_field][et_pb_contact_field field_id=&#8220;Datenschutz&#8220; field_title=&#8220;Datenschutzbestimmungen&#8220; field_type=&#8220;radio&#8220; radio_options=&#8220;%91{%22value%22:%22Ich akzeptiere die Datenschutzbestimmungen des Fraunhofer IPA%22,%22checked%22:0,%22dragID%22:-1,%22link_url%22:%22https:\/\/produktion-besser-machen.de\/?page_id=421%22}%93&#8243; fullwidth_field=&#8220;on&#8220; _builder_version=&#8220;4.8.0&#8243; _module_preset=&#8220;default&#8220;][\/et_pb_contact_field][\/et_pb_contact_form][et_pb_button button_url=&#8220;https:\/\/www.linkedin.com\/events\/ressourcenschonung-kreislaufwir6816704419686572032\/&#8220; url_new_window=&#8220;on&#8220; button_text=&#8220;Anmeldung \u00fcber LinkedIn&#8220; button_alignment=&#8220;center&#8220; _builder_version=&#8220;4.8.0&#8243; _module_preset=&#8220;default&#8220; custom_button=&#8220;on&#8220; button_text_size=&#8220;16px&#8220; button_text_color=&#8220;#666666&#8243; button_bg_color=&#8220;#f4f4f4&#8243; button_border_width=&#8220;1px&#8220; button_border_color=&#8220;#d9d9d9&#8243; button_border_radius=&#8220;0px&#8220; custom_padding=&#8220;15px|20px|15px|20px|false|false&#8220; custom_css_main_element=&#8220;width:80%&#8220;][\/et_pb_button][et_pb_toggle title=&#8220;Anmeldung \u00fcber Kontaktformular&#8220; _builder_version=&#8220;4.8.0&#8243; _module_preset=&#8220;default&#8220; text_orientation=&#8220;center&#8220; width=&#8220;80%&#8220; module_alignment=&#8220;center&#8220;]<\/p>\n<p class=\"wpcf7-contact-form-not-found\"><strong>Fehler:<\/strong> Kontaktformular wurde nicht gefunden.<\/p>\n<p>[\/et_pb_toggle][et_pb_text _builder_version=&#8220;4.8.0&#8243; _module_preset=&#8220;default&#8220; text_font_size=&#8220;15px&#8220; text_orientation=&#8220;center&#8220; custom_margin=&#8220;40px||||false|false&#8220;]<\/p>\n<p>Folgen Sie uns auch auf <a href=\"https:\/\/www.linkedin.com\/company\/produktion-besser-machen\/?viewAsMember=true\">LinkedIn<\/a>!<\/p>\n<p>[\/et_pb_text][\/et_pb_column][\/et_pb_row][et_pb_row _builder_version=&#8220;4.8.0&#8243; _module_preset=&#8220;default&#8220;][et_pb_column type=&#8220;4_4&#8243; _builder_version=&#8220;4.8.0&#8243; _module_preset=&#8220;default&#8220;][\/et_pb_column][\/et_pb_row][et_pb_row column_structure=&#8220;1_2,1_2&#8243; use_custom_gutter=&#8220;on&#8220; gutter_width=&#8220;4&#8243; _builder_version=&#8220;4.6.6&#8243; _module_preset=&#8220;default&#8220;][et_pb_column type=&#8220;1_2&#8243; _builder_version=&#8220;4.6.6&#8243; _module_preset=&#8220;default&#8220;][et_pb_image src=&#8220;https:\/\/produktion-besser-machen.de\/wp-content\/uploads\/2020\/11\/LUP_Logo_deutsch_weiss.png&#8220; title_text=&#8220;LUP_Logo_deutsch_weiss&#8220; align=&#8220;right&#8220; _builder_version=&#8220;4.6.6&#8243; _module_preset=&#8220;default&#8220; width=&#8220;30%&#8220;][\/et_pb_image][\/et_pb_column][et_pb_column type=&#8220;1_2&#8243; _builder_version=&#8220;4.6.6&#8243; _module_preset=&#8220;default&#8220;][et_pb_image src=&#8220;https:\/\/produktion-besser-machen.de\/wp-content\/uploads\/2020\/11\/ipa_85mm_weiss.png&#8220; title_text=&#8220;ipa_85mm_weiss&#8220; _builder_version=&#8220;4.6.6&#8243; _module_preset=&#8220;default&#8220; width=&#8220;30%&#8220;][\/et_pb_image][\/et_pb_column][\/et_pb_row][\/et_pb_section]<\/p>\n","protected":false},"excerpt":{"rendered":"<p>20 Jahre Lehrstuhl Umweltgerechte Produktionstechnik 20 Jahre Mehrwert f\u00fcr Forschung und IndustrieWebinar &#8211; Donnerstag, 29.07.2021 Ressourcenschonung und Kreislaufwirtschaft im 21. Jahrhundert, nachhaltig &#8211; digital &#8211; effizient: Einblicke aus Forschung und Industrie &nbsp; 15:00 Begr\u00fc\u00dfungProf . Dr.-Ing. Frank D\u00f6pper 15:10 20 Jahre LUP am Campus der PerspektivenGru\u00dfwortUniversit\u00e4tspr\u00e4sident Prof. Dr. Stefan Leible 15:20 Produktkreisl\u00e4ufe reduzieren unseren CO2 [&hellip;]<\/p>\n","protected":false},"author":5,"featured_media":0,"parent":0,"menu_order":0,"comment_status":"closed","ping_status":"closed","template":"","meta":{"_et_pb_use_builder":"on","_et_pb_old_content":"<p>[contact-form-7 id=\"728\" title=\"20 Jahre LUP Anmeldeformular\"]<\/p>","_et_gb_content_width":"","footnotes":""},"class_list":["post-732","page","type-page","status-publish","hentry"],"yoast_head":"<!-- This site is optimized with the Yoast SEO plugin v24.9 - https:\/\/yoast.com\/wordpress\/plugins\/seo\/ -->\n<title>20 Jahre LUP - Produktion.Besser.Machen.<\/title>\n<meta name=\"robots\" content=\"index, follow, max-snippet:-1, max-image-preview:large, max-video-preview:-1\" \/>\n<link rel=\"canonical\" href=\"https:\/\/produktion-besser-machen.de\/?page_id=732\" \/>\n<meta property=\"og:locale\" content=\"de_DE\" \/>\n<meta property=\"og:type\" content=\"article\" \/>\n<meta property=\"og:title\" content=\"20 Jahre LUP - Produktion.Besser.Machen.\" \/>\n<meta property=\"og:description\" content=\"20 Jahre Lehrstuhl Umweltgerechte Produktionstechnik 20 Jahre Mehrwert f\u00fcr Forschung und IndustrieWebinar - Donnerstag, 29.07.2021 Ressourcenschonung und Kreislaufwirtschaft im 21. Jahrhundert, nachhaltig - digital - effizient: Einblicke aus Forschung und Industrie &nbsp; 15:00 Begr\u00fc\u00dfungProf . Dr.-Ing. Frank D\u00f6pper 15:10 20 Jahre LUP am Campus der PerspektivenGru\u00dfwortUniversit\u00e4tspr\u00e4sident Prof. Dr. Stefan Leible 15:20 Produktkreisl\u00e4ufe reduzieren unseren CO2 [&hellip;]\" \/>\n<meta property=\"og:url\" content=\"https:\/\/produktion-besser-machen.de\/?page_id=732\" \/>\n<meta property=\"og:site_name\" content=\"Produktion.Besser.Machen.\" \/>\n<meta property=\"article:modified_time\" content=\"2021-08-04T07:43:56+00:00\" \/>\n<meta name=\"twitter:card\" content=\"summary_large_image\" \/>\n<meta name=\"twitter:label1\" content=\"Gesch\u00e4tzte Lesezeit\" \/>\n\t<meta name=\"twitter:data1\" content=\"2\u00a0Minuten\" \/>\n<script type=\"application\/ld+json\" class=\"yoast-schema-graph\">{\"@context\":\"https:\/\/schema.org\",\"@graph\":[{\"@type\":\"WebPage\",\"@id\":\"https:\/\/produktion-besser-machen.de\/?page_id=732\",\"url\":\"https:\/\/produktion-besser-machen.de\/?page_id=732\",\"name\":\"20 Jahre LUP - Produktion.Besser.Machen.\",\"isPartOf\":{\"@id\":\"https:\/\/produktion-besser-machen.de\/#website\"},\"datePublished\":\"2021-05-19T10:41:40+00:00\",\"dateModified\":\"2021-08-04T07:43:56+00:00\",\"breadcrumb\":{\"@id\":\"https:\/\/produktion-besser-machen.de\/?page_id=732#breadcrumb\"},\"inLanguage\":\"de\",\"potentialAction\":[{\"@type\":\"ReadAction\",\"target\":[\"https:\/\/produktion-besser-machen.de\/?page_id=732\"]}]},{\"@type\":\"BreadcrumbList\",\"@id\":\"https:\/\/produktion-besser-machen.de\/?page_id=732#breadcrumb\",\"itemListElement\":[{\"@type\":\"ListItem\",\"position\":1,\"name\":\"Startseite\",\"item\":\"https:\/\/produktion-besser-machen.de\/\"},{\"@type\":\"ListItem\",\"position\":2,\"name\":\"20 Jahre LUP\"}]},{\"@type\":\"WebSite\",\"@id\":\"https:\/\/produktion-besser-machen.de\/#website\",\"url\":\"https:\/\/produktion-besser-machen.de\/\",\"name\":\"Produktion.Besser.Machen.\",\"description\":\"Forschung und Beratung aus Bayreuth\",\"potentialAction\":[{\"@type\":\"SearchAction\",\"target\":{\"@type\":\"EntryPoint\",\"urlTemplate\":\"https:\/\/produktion-besser-machen.de\/?s={search_term_string}\"},\"query-input\":{\"@type\":\"PropertyValueSpecification\",\"valueRequired\":true,\"valueName\":\"search_term_string\"}}],\"inLanguage\":\"de\"}]}<\/script>\n<!-- \/ Yoast SEO plugin. -->","yoast_head_json":{"title":"20 Jahre LUP - Produktion.Besser.Machen.","robots":{"index":"index","follow":"follow","max-snippet":"max-snippet:-1","max-image-preview":"max-image-preview:large","max-video-preview":"max-video-preview:-1"},"canonical":"https:\/\/produktion-besser-machen.de\/?page_id=732","og_locale":"de_DE","og_type":"article","og_title":"20 Jahre LUP - Produktion.Besser.Machen.","og_description":"20 Jahre Lehrstuhl Umweltgerechte Produktionstechnik 20 Jahre Mehrwert f\u00fcr Forschung und IndustrieWebinar - Donnerstag, 29.07.2021 Ressourcenschonung und Kreislaufwirtschaft im 21. Jahrhundert, nachhaltig - digital - effizient: Einblicke aus Forschung und Industrie &nbsp; 15:00 Begr\u00fc\u00dfungProf . Dr.-Ing. Frank D\u00f6pper 15:10 20 Jahre LUP am Campus der PerspektivenGru\u00dfwortUniversit\u00e4tspr\u00e4sident Prof. Dr. Stefan Leible 15:20 Produktkreisl\u00e4ufe reduzieren unseren CO2 [&hellip;]","og_url":"https:\/\/produktion-besser-machen.de\/?page_id=732","og_site_name":"Produktion.Besser.Machen.","article_modified_time":"2021-08-04T07:43:56+00:00","twitter_card":"summary_large_image","twitter_misc":{"Gesch\u00e4tzte Lesezeit":"2\u00a0Minuten"},"schema":{"@context":"https:\/\/schema.org","@graph":[{"@type":"WebPage","@id":"https:\/\/produktion-besser-machen.de\/?page_id=732","url":"https:\/\/produktion-besser-machen.de\/?page_id=732","name":"20 Jahre LUP - Produktion.Besser.Machen.","isPartOf":{"@id":"https:\/\/produktion-besser-machen.de\/#website"},"datePublished":"2021-05-19T10:41:40+00:00","dateModified":"2021-08-04T07:43:56+00:00","breadcrumb":{"@id":"https:\/\/produktion-besser-machen.de\/?page_id=732#breadcrumb"},"inLanguage":"de","potentialAction":[{"@type":"ReadAction","target":["https:\/\/produktion-besser-machen.de\/?page_id=732"]}]},{"@type":"BreadcrumbList","@id":"https:\/\/produktion-besser-machen.de\/?page_id=732#breadcrumb","itemListElement":[{"@type":"ListItem","position":1,"name":"Startseite","item":"https:\/\/produktion-besser-machen.de\/"},{"@type":"ListItem","position":2,"name":"20 Jahre LUP"}]},{"@type":"WebSite","@id":"https:\/\/produktion-besser-machen.de\/#website","url":"https:\/\/produktion-besser-machen.de\/","name":"Produktion.Besser.Machen.","description":"Forschung und Beratung aus Bayreuth","potentialAction":[{"@type":"SearchAction","target":{"@type":"EntryPoint","urlTemplate":"https:\/\/produktion-besser-machen.de\/?s={search_term_string}"},"query-input":{"@type":"PropertyValueSpecification","valueRequired":true,"valueName":"search_term_string"}}],"inLanguage":"de"}]}},"_links":{"self":[{"href":"https:\/\/produktion-besser-machen.de\/index.php?rest_route=\/wp\/v2\/pages\/732","targetHints":{"allow":["GET"]}}],"collection":[{"href":"https:\/\/produktion-besser-machen.de\/index.php?rest_route=\/wp\/v2\/pages"}],"about":[{"href":"https:\/\/produktion-besser-machen.de\/index.php?rest_route=\/wp\/v2\/types\/page"}],"author":[{"embeddable":true,"href":"https:\/\/produktion-besser-machen.de\/index.php?rest_route=\/wp\/v2\/users\/5"}],"replies":[{"embeddable":true,"href":"https:\/\/produktion-besser-machen.de\/index.php?rest_route=%2Fwp%2Fv2%2Fcomments&post=732"}],"version-history":[{"count":71,"href":"https:\/\/produktion-besser-machen.de\/index.php?rest_route=\/wp\/v2\/pages\/732\/revisions"}],"predecessor-version":[{"id":946,"href":"https:\/\/produktion-besser-machen.de\/index.php?rest_route=\/wp\/v2\/pages\/732\/revisions\/946"}],"wp:attachment":[{"href":"https:\/\/produktion-besser-machen.de\/index.php?rest_route=%2Fwp%2Fv2%2Fmedia&parent=732"}],"curies":[{"name":"wp","href":"https:\/\/api.w.org\/{rel}","templated":true}]}}