{"id":386,"date":"2020-12-25T08:16:41","date_gmt":"2020-12-25T08:16:41","guid":{"rendered":"http:\/\/pmb.additive-innovationen.de\/?page_id=386"},"modified":"2025-07-16T12:54:18","modified_gmt":"2025-07-16T10:54:18","slug":"impressum","status":"publish","type":"page","link":"https:\/\/produktion-besser-machen.de\/?page_id=386","title":{"rendered":"Impressum"},"content":{"rendered":"<p>[et_pb_section fb_built=&#8220;1&#8243; fullwidth=&#8220;on&#8220; custom_padding_last_edited=&#8220;off|desktop&#8220; admin_label=&#8220;Logo Section&#8220; _builder_version=&#8220;4.16&#8243; background_color=&#8220;#101535&#8243; background_image=&#8220;https:\/\/produktion-besser-machen.de\/wp-content\/uploads\/2020\/11\/crypto-bg-02.png&#8220; parallax=&#8220;on&#8220; custom_margin=&#8220;||||false|false&#8220; custom_padding=&#8220;50px||||false|false&#8220; custom_padding_tablet=&#8220;0px||0px||false|false&#8220; custom_padding_phone=&#8220;0px||0px||false|false&#8220; global_colors_info=&#8220;{}&#8220;][et_pb_fullwidth_image src=&#8220;https:\/\/produktion-besser-machen.de\/wp-content\/uploads\/2020\/12\/Logo-PBM-02.png&#8220; title_text=&#8220;Logo-PBM-02&#8243; url=&#8220;https:\/\/produktion-besser-machen.de&#8220; admin_label=&#8220;Logo&#8220; _builder_version=&#8220;4.16&#8243; _module_preset=&#8220;default&#8220; width=&#8220;10%&#8220; width_tablet=&#8220;&#8220; width_phone=&#8220;30%&#8220; width_last_edited=&#8220;on|desktop&#8220; module_alignment=&#8220;center&#8220; custom_margin=&#8220;||||false|false&#8220; custom_padding=&#8220;0px||0px||false|false&#8220; custom_padding_phone=&#8220;||0px||false|false&#8220; custom_padding_last_edited=&#8220;off|desktop&#8220; scroll_horizontal_motion=&#8220;0|60|60|100|4|0|-4&#8243; scroll_scaling_enable=&#8220;on&#8220; global_colors_info=&#8220;{}&#8220;][\/et_pb_fullwidth_image][\/et_pb_section][et_pb_section fb_built=&#8220;1&#8243; admin_label=&#8220;Intro&#8220; _builder_version=&#8220;4.16&#8243; background_color=&#8220;#101535&#8243; custom_margin=&#8220;||||false|false&#8220; custom_padding=&#8220;|||&#8220; global_colors_info=&#8220;{}&#8220;][et_pb_row _builder_version=&#8220;4.16&#8243; global_colors_info=&#8220;{}&#8220;][et_pb_column type=&#8220;4_4&#8243; _builder_version=&#8220;4.16&#8243; custom_padding=&#8220;|||&#8220; global_colors_info=&#8220;{}&#8220; custom_padding__hover=&#8220;|||&#8220;][et_pb_text _builder_version=&#8220;4.16&#8243; text_font=&#8220;||||||||&#8220; header_font=&#8220;||||||||&#8220; header_2_font=&#8220;|600|||||||&#8220; header_2_font_size=&#8220;36px&#8220; header_2_letter_spacing=&#8220;2px&#8220; header_2_line_height=&#8220;1.3em&#8220; text_orientation=&#8220;center&#8220; background_layout=&#8220;dark&#8220; header_2_font_size_tablet=&#8220;&#8220; header_2_font_size_phone=&#8220;28px&#8220; header_2_font_size_last_edited=&#8220;on|phone&#8220; global_colors_info=&#8220;{}&#8220;]<\/p>\n<h2>Impressum<\/h2>\n<p>[\/et_pb_text][et_pb_divider color=&#8220;#4328B7&#8243; divider_weight=&#8220;4px&#8220; _builder_version=&#8220;4.16&#8243; max_width=&#8220;80px&#8220; module_alignment=&#8220;center&#8220; height=&#8220;4px&#8220; global_colors_info=&#8220;{}&#8220;][\/et_pb_divider][et_pb_text _builder_version=&#8220;4.16&#8243; text_font=&#8220;||||||||&#8220; text_font_size=&#8220;16px&#8220; text_line_height=&#8220;2em&#8220; header_font=&#8220;||||||||&#8220; background_layout=&#8220;dark&#8220; max_width=&#8220;700px&#8220; module_alignment=&#8220;center&#8220; global_colors_info=&#8220;{}&#8220;]<\/p>\n<div class=\"sectionComponent parbase section\" data-emptytext-sectionparsys=\"section_component_hint\" data-emptytext=\"Drag components here\" data-emptytext-teaserparsys=\"section_component_marginal_column_parsys_hint\">\n<div class=\"fhg-grid-section\">\n<div class=\"fhg-grid fhg-grid-4-columns\">\n<section>\n<div class=\"sectionParsys parsys\">\n<div class=\"fhg-content-article fhg-grid section\">\n<article>\n<div class=\"row\">\n<div class=\"fhg-grid-item fhg-grid-3-3-2-1\">\n<div class=\"fhg-content fhg-richtext\">\n<p><span style=\"font-size: 16px;\"><strong>Fraunhofer-Instituts f\u00fcr Produktionstechnik und Automatisierung IPA<\/strong><br \/><\/span><span style=\"font-size: 16px;\">Nobelstr. 12<br \/><\/span><span style=\"font-size: 16px;\">70569 Stuttgart<\/span><\/p>\n<p>ist eine rechtlich nicht selbstst\u00e4ndige Einrichtung der<\/p>\n<p><strong>Fraunhofer-Gesellschaft<\/strong><br \/>zur F\u00f6rderung der angewandten Forschung e.V.<br \/>Hansastra\u00dfe 27 c<br \/><span style=\"font-size: 16px;\">80686 M\u00fcnchen<br \/><\/span>Internet: <a class=\"external\" href=\"http:\/\/www.fraunhofer.de\/\" target=\"_blank\" rel=\"noopener noreferrer\">www.fraunhofer.de<\/a><br \/>E-Mail: info(at)zv.fraunhofer.de<\/p>\n<p><span style=\"font-size: medium;\"><strong>Verantwortlicher Redakteur<\/strong><br \/><\/span><span style=\"font-size: 16px;\">Prof. Dr.-Ing. Frank D\u00f6pper<br \/><\/span><a class=\"\" href=\"mailto:ich-will-meine@produktion-besser-machen.de\">Kontakt<\/a><\/p>\n<\/div>\n<\/div>\n<\/div>\n<\/article>\n<\/div>\n<\/div>\n<\/section>\n<\/div>\n<\/div>\n<\/div>\n<div class=\"sectionComponent parbase section\" data-emptytext-sectionparsys=\"section_component_hint\" data-emptytext=\"Drag components here\" data-emptytext-teaserparsys=\"section_component_marginal_column_parsys_hint\">\n<div class=\"sep sectionseparator\">\n<div class=\"fhg-section-separator\"><\/div>\n<\/div>\n<div class=\"fhg-grid-section\">\n<div class=\"fhg-grid fhg-grid-4-columns\">\n<section>\n<div class=\"sectionParsys parsys\">\n<div class=\"reference parbase section\">\n<div class=\"cq-dd-paragraph\">\n<div class=\"sectioncomponent sectionComponent parbase\" data-emptytext-sectionparsys=\"section_component_hint\" data-emptytext=\"Drag components here\" data-emptytext-teaserparsys=\"section_component_marginal_column_parsys_hint\">\n<div class=\"fhg-grid-section\">\n<div class=\"fhg-grid fhg-grid-4-columns\">\n<section>\n<div class=\"sectionParsys parsys\">\n<div class=\"fhg-content-article fhg-grid section\">\n<article>\n<div class=\"row\">\n<div class=\"fhg-grid-item fhg-grid-3-3-2-1 fhg-inline-image\">\n<div class=\"fhg-content fhg-richtext\">\n<p>Umsatzsteuer-Identifikationsnummer gem\u00e4\u00df \u00a7 27 a<br \/>Umsatzsteuergesetz: DE 129515865<br \/><span style=\"font-size: 16px;\">Registergericht<br \/><\/span>Amtsgericht M\u00fcnchen<br \/>Eingetragener Verein<br \/>Register-Nr. VR 4461<\/p>\n<p><strong style=\"font-size: 18px;\"><span style=\"font-size: medium;\">Vorstand<br \/><\/span><\/strong><span style=\"font-size: 16px;\">Prof. Dr.-Ing. Reimund Neugebauer, Pr\u00e4sident, Unternehmenspolitik und Forschung<br \/><\/span>Prof. Dr. Ralf Boris Wehrspohn,\u00a0Technologiemarketing und Gesch\u00e4ftsmodelle<br \/>Prof. Dr. Alexander Kurz, Personal, Recht und Verwertung<br \/>Dipl.-Kfm. Andreas Meuer, Finanzen und Digitalisierung<\/p>\n<p><strong style=\"font-size: 18px;\"><span style=\"font-size: medium;\">Nutzungsrechte<br \/><\/span><\/strong><span style=\"font-size: 16px;\">\u00a9 Fraunhofer-Gesellschaft e.V., M\u00fcnchen<br \/><\/span><span style=\"font-size: 16px;\">Alle Rechte vorbehalten.<\/span><\/p>\n<p>Die Urheberrechte dieser Webseite liegen vollst\u00e4ndig bei der Fraunhofer-Gesellschaft.<br \/><span style=\"font-size: 16px;\">Ein Download oder Ausdruck dieser Ver\u00f6ffentlichungen ist ausschlie\u00dflich f\u00fcr den pers\u00f6nlichen Gebrauch gestattet. Alle dar\u00fcber hinaus gehenden Verwendungen, insbesondere die kommerzielle Nutzung und Verbreitung, sind grunds\u00e4tzlich nicht gestattet und bed\u00fcrfen der schriftlichen Genehmigung.<\/span><\/p>\n<p>Ein Download oder Ausdruck ist dar\u00fcber hinaus lediglich zum Zweck der Berichterstattung \u00fcber die Fraunhofer-Gesellschaft und ihrer Institute nach Ma\u00dfgabe untenstehender Nutzungsbedingungen gestattet:<\/p>\n<p>Grafische Ver\u00e4nderungen an Bildmotiven &#8211; au\u00dfer zum Freistellen des Hauptmotivs &#8211; sind nicht gestattet. Es ist stets die Quellenangabe und \u00dcbersendung von zwei kostenlosen Belegexemplaren an die oben genannte Adresse erforderlich. Die Verwendung ist honorarfrei.<\/p>\n<p><strong style=\"font-size: 18px;\"><span style=\"font-size: medium;\">Haftungshinweis<\/span><\/strong><\/p>\n<p>Wir \u00fcbernehmen keine Haftung f\u00fcr die Inhalte externer Links. F\u00fcr den Inhalt der verlinkten Seiten sind ausschlie\u00dflich deren Betreiber verantwortlich.<\/p>\n<p>Wir sind bem\u00fcht, das Webangebot stets aktuell und inhaltlich richtig sowie vollst\u00e4ndig anzubieten. Dennoch ist das Auftreten von Fehlern nicht v\u00f6llig auszuschlie\u00dfen. Das Fraunhofer-Institut bzw. die Fraunhofer-Gesellschaft \u00fcbernimmt keine Haftung f\u00fcr die Aktualit\u00e4t, die inhaltliche Richtigkeit sowie f\u00fcr die Vollst\u00e4ndigkeit der in ihrem Webangebot eingestellten Informationen. Dies bezieht sich auf eventuelle Sch\u00e4den materieller oder ideeller Art Dritter, die durch die Nutzung dieses Webangebotes verursacht wurden.<\/p>\n<p>Gesch\u00fctzte Marken und Namen, Bilder und Texte werden auf unseren Seiten in der Regel nicht als solche kenntlich gemacht. Das Fehlen einer solchen Kennzeichnung bedeutet jedoch nicht, dass es sich um einen freien Namen, ein freies Bild oder einen freien Text im Sinne des Markenzeichenrechts handelt.<\/p>\n<\/div>\n<\/div>\n<\/div>\n<\/article>\n<\/div>\n<\/div>\n<\/section>\n<\/div>\n<\/div>\n<\/div>\n<\/div>\n<\/div>\n<\/div>\n<\/section>\n<\/div>\n<\/div>\n<\/div>\n<p>[\/et_pb_text][\/et_pb_column][\/et_pb_row][et_pb_row column_structure=&#8220;1_2,1_2&#8243; use_custom_gutter=&#8220;on&#8220; gutter_width=&#8220;4&#8243; _builder_version=&#8220;4.16&#8243; _module_preset=&#8220;default&#8220; global_colors_info=&#8220;{}&#8220;][et_pb_column type=&#8220;1_2&#8243; _builder_version=&#8220;4.16&#8243; _module_preset=&#8220;default&#8220; global_colors_info=&#8220;{}&#8220;][et_pb_image src=&#8220;https:\/\/produktion-besser-machen.de\/wp-content\/uploads\/2020\/11\/LUP_Logo_deutsch_weiss.png&#8220; title_text=&#8220;LUP_Logo_deutsch_weiss&#8220; align=&#8220;right&#8220; _builder_version=&#8220;4.16&#8243; _module_preset=&#8220;default&#8220; width=&#8220;30%&#8220; global_colors_info=&#8220;{}&#8220;][\/et_pb_image][\/et_pb_column][et_pb_column type=&#8220;1_2&#8243; _builder_version=&#8220;4.16&#8243; _module_preset=&#8220;default&#8220; global_colors_info=&#8220;{}&#8220;][et_pb_image src=&#8220;https:\/\/produktion-besser-machen.de\/wp-content\/uploads\/2020\/11\/ipa_85mm_weiss.png&#8220; title_text=&#8220;ipa_85mm_weiss&#8220; _builder_version=&#8220;4.16&#8243; _module_preset=&#8220;default&#8220; width=&#8220;30%&#8220; global_colors_info=&#8220;{}&#8220;][\/et_pb_image][\/et_pb_column][\/et_pb_row][\/et_pb_section]<\/p>\n","protected":false},"excerpt":{"rendered":"<p>Impressum Fraunhofer-Instituts f\u00fcr Produktionstechnik und Automatisierung IPANobelstr. 1270569 Stuttgart ist eine rechtlich nicht selbstst\u00e4ndige Einrichtung der Fraunhofer-Gesellschaftzur F\u00f6rderung der angewandten Forschung e.V.Hansastra\u00dfe 27 c80686 M\u00fcnchenInternet: www.fraunhofer.deE-Mail: info(at)zv.fraunhofer.de Verantwortlicher RedakteurProf. Dr.-Ing. Frank D\u00f6pperKontakt Umsatzsteuer-Identifikationsnummer gem\u00e4\u00df \u00a7 27 aUmsatzsteuergesetz: DE 129515865RegistergerichtAmtsgericht M\u00fcnchenEingetragener VereinRegister-Nr. VR 4461 VorstandProf. Dr.-Ing. Reimund Neugebauer, Pr\u00e4sident, Unternehmenspolitik und ForschungProf. Dr. Ralf Boris Wehrspohn,\u00a0Technologiemarketing [&hellip;]<\/p>\n","protected":false},"author":2,"featured_media":0,"parent":0,"menu_order":0,"comment_status":"closed","ping_status":"closed","template":"","meta":{"_et_pb_use_builder":"on","_et_pb_old_content":"<p>[et_pb_section fb_built=\"1\" fullwidth=\"on\" custom_padding_last_edited=\"off|desktop\" admin_label=\"Logo Section\" _builder_version=\"4.6.6\" background_color=\"#101535\" background_image=\"https:\/\/produktion-besser-machen.de\/wp-content\/uploads\/2020\/11\/crypto-bg-02.png\" parallax=\"on\" custom_margin=\"||||false|false\" custom_padding=\"50px||||false|false\" custom_padding_tablet=\"0px||0px||false|false\" custom_padding_phone=\"0px||0px||false|false\"][et_pb_fullwidth_image src=\"https:\/\/produktion-besser-machen.de\/wp-content\/uploads\/2020\/12\/Logo-PBM-02.png\" title_text=\"Logo-PBM-02\" url=\"https:\/\/produktion-besser-machen.de\" admin_label=\"Logo\" _builder_version=\"4.8.0\" _module_preset=\"default\" width=\"10%\" width_tablet=\"\" width_phone=\"30%\" width_last_edited=\"on|desktop\" module_alignment=\"center\" custom_margin=\"||||false|false\" custom_padding=\"0px||0px||false|false\" custom_padding_phone=\"||0px||false|false\" custom_padding_last_edited=\"off|desktop\" scroll_horizontal_motion=\"0|60|60|100|4|0|-4\" scroll_scaling_enable=\"on\"][\/et_pb_fullwidth_image][\/et_pb_section][et_pb_section fb_built=\"1\" admin_label=\"Intro\" _builder_version=\"4.6.6\" background_color=\"#101535\" custom_margin=\"||||false|false\" custom_padding=\"|||\"][et_pb_row _builder_version=\"3.25\"][et_pb_column type=\"4_4\" _builder_version=\"3.25\" custom_padding=\"|||\" custom_padding__hover=\"|||\"][et_pb_text _builder_version=\"4.8.0\" text_font=\"||||||||\" header_font=\"||||||||\" header_2_font=\"|600|||||||\" header_2_font_size=\"36px\" header_2_letter_spacing=\"2px\" header_2_line_height=\"1.3em\" text_orientation=\"center\" background_layout=\"dark\" header_2_font_size_tablet=\"\" header_2_font_size_phone=\"28px\" header_2_font_size_last_edited=\"on|phone\"]<\/p><h2>Impressum<\/h2><p>[\/et_pb_text][et_pb_divider color=\"#4328B7\" divider_weight=\"4px\" _builder_version=\"4.8.0\" max_width=\"80px\" module_alignment=\"center\" height=\"4px\"][\/et_pb_divider][et_pb_text _builder_version=\"4.8.0\" text_font=\"||||||||\" text_font_size=\"16px\" text_line_height=\"2em\" header_font=\"||||||||\" background_layout=\"dark\" max_width=\"700px\" module_alignment=\"center\"]<\/p><div class=\"sectionComponent parbase section\" data-emptytext-sectionparsys=\"section_component_hint\" data-emptytext=\"Drag components here\" data-emptytext-teaserparsys=\"section_component_marginal_column_parsys_hint\"><div class=\"fhg-grid-section\"><div class=\"fhg-grid fhg-grid-4-columns\"><section><div class=\"sectionParsys parsys\"><div class=\"fhg-content-article fhg-grid section\"><article><div class=\"row\"><div class=\"fhg-grid-item fhg-grid-3-3-2-1\"><div class=\"fhg-content fhg-richtext\"><p><strong>produktion-besser-machen.de<\/strong> ist eine Marke der<\/p><p><b class=\"bold\">Fraunhofer-Projektgruppe Prozessinnovation<br \/>des Fraunhofer-Instituts f\u00fcr Produktionstechnik und Automatisierung<\/b><br \/>Universit\u00e4tsstra\u00dfe 9<br \/>95447 Bayreuth<\/p><p>ist eine rechtlich nicht selbstst\u00e4ndige Einrichtung der<\/p><p><b class=\"bold\">Fraunhofer-Gesellschaft\u00a0<\/b><br \/>zur F\u00f6rderung der angewandten Forschung e.V.<br \/>Hansastra\u00dfe 27 c<br \/>80686 M\u00fcnchen<br \/>Internet: <a class=\"external\" href=\"http:\/\/www.fraunhofer.de\/\" target=\"_blank\" rel=\"noopener noreferrer\">www.fraunhofer.de<\/a><br \/>E-Mail: info(at)zv.fraunhofer.de<\/p><h4>Verantwortlicher Redakteur<\/h4><p>Prof. Dr.-Ing. Frank D\u00f6pper<br \/><a class=\"\" href=\"mailto:ich-will-meine@produktion-besser-machen.de\">Kontakt<\/a><\/p><\/div><\/div><\/div><\/article><\/div><\/div><\/section><\/div><\/div><\/div><div class=\"sectionComponent parbase section\" data-emptytext-sectionparsys=\"section_component_hint\" data-emptytext=\"Drag components here\" data-emptytext-teaserparsys=\"section_component_marginal_column_parsys_hint\"><div class=\"sep sectionseparator\"><div class=\"fhg-section-separator\">\u00a0<\/div><\/div><div class=\"fhg-grid-section\"><div class=\"fhg-grid fhg-grid-4-columns\"><section><div class=\"sectionParsys parsys\"><div class=\"reference parbase section\"><div class=\"cq-dd-paragraph\"><div class=\"sectioncomponent sectionComponent parbase\" data-emptytext-sectionparsys=\"section_component_hint\" data-emptytext=\"Drag components here\" data-emptytext-teaserparsys=\"section_component_marginal_column_parsys_hint\"><div class=\"fhg-grid-section\"><div class=\"fhg-grid fhg-grid-4-columns\"><section><div class=\"sectionParsys parsys\"><div class=\"fhg-content-article fhg-grid section\"><article><div class=\"row\"><div class=\"fhg-grid-item fhg-grid-3-3-2-1 fhg-inline-image\"><div class=\"fhg-content fhg-richtext\"><p>Umsatzsteuer-Identifikationsnummer gem\u00e4\u00df \u00a7 27 a<br \/>Umsatzsteuergesetz: DE 129515865<\/p><p>Registergericht<br \/>Amtsgericht M\u00fcnchen<br \/>Eingetragener Verein<br \/>Register-Nr. VR 4461<\/p><h4>Vorstand<\/h4><p>Prof. Dr.-Ing. Reimund Neugebauer, Pr\u00e4sident, Unternehmenspolitik und Forschung<br \/>Prof. Dr. Ralf Boris Wehrspohn,\u00a0Technologiemarketing und Gesch\u00e4ftsmodelle<br \/>Prof. Dr. Alexander Kurz, Personal, Recht und Verwertung<br \/>Dipl.-Kfm. Andreas Meuer,\u00a0Finanzen und Digitalisierung<\/p><h4>Nutzungsrechte<\/h4><p>\u00a9 Fraunhofer-Gesellschaft e.V., M\u00fcnchen<\/p><p>Alle Rechte vorbehalten.<br \/>Die Urheberrechte dieser Webseite liegen vollst\u00e4ndig bei der Fraunhofer-Gesellschaft.<\/p><p>Ein Download oder Ausdruck dieser Ver\u00f6ffentlichungen ist ausschlie\u00dflich f\u00fcr den pers\u00f6nlichen Gebrauch gestattet. Alle dar\u00fcber hinaus gehenden Verwendungen, insbesondere die kommerzielle Nutzung und Verbreitung, sind grunds\u00e4tzlich nicht gestattet und bed\u00fcrfen der schriftlichen Genehmigung.<\/p><p>Ein Download oder Ausdruck ist dar\u00fcber hinaus lediglich zum Zweck der Berichterstattung \u00fcber die Fraunhofer-Gesellschaft und ihrer Institute nach Ma\u00dfgabe untenstehender Nutzungsbedingungen gestattet:<\/p><p>Grafische Ver\u00e4nderungen an Bildmotiven - au\u00dfer zum Freistellen des Hauptmotivs - sind nicht gestattet. Es ist stets die Quellenangabe und \u00dcbersendung von zwei kostenlosen Belegexemplaren an die oben genannte Adresse erforderlich. Die Verwendung ist honorarfrei.<\/p><h4>Haftungshinweis<\/h4><p>Wir \u00fcbernehmen keine Haftung f\u00fcr die Inhalte externer Links. F\u00fcr den Inhalt der verlinkten Seiten sind ausschlie\u00dflich deren Betreiber verantwortlich.<\/p><p>Wir sind bem\u00fcht, das Webangebot stets aktuell und inhaltlich richtig sowie vollst\u00e4ndig anzubieten. Dennoch ist das Auftreten von Fehlern nicht v\u00f6llig auszuschlie\u00dfen. Das Fraunhofer-Institut bzw. die Fraunhofer-Gesellschaft \u00fcbernimmt keine Haftung f\u00fcr die Aktualit\u00e4t, die inhaltliche Richtigkeit sowie f\u00fcr die Vollst\u00e4ndigkeit der in ihrem Webangebot eingestellten Informationen. Dies bezieht sich auf eventuelle Sch\u00e4den materieller oder ideeller Art Dritter, die durch die Nutzung dieses Webangebotes verursacht wurden.<\/p><p>Gesch\u00fctzte Marken und Namen, Bilder und Texte werden auf unseren Seiten in der Regel nicht als solche kenntlich gemacht. Das Fehlen einer solchen Kennzeichnung bedeutet jedoch nicht, dass es sich um einen freien Namen, ein freies Bild oder einen freien Text im Sinne des Markenzeichenrechts handelt.<\/p><\/div><\/div><\/div><\/article><\/div><\/div><\/section><\/div><\/div><\/div><\/div><\/div><\/div><\/section><\/div><\/div><\/div><p>[\/et_pb_text][\/et_pb_column][\/et_pb_row][et_pb_row column_structure=\"1_2,1_2\" use_custom_gutter=\"on\" gutter_width=\"4\" _builder_version=\"4.6.6\" _module_preset=\"default\"][et_pb_column type=\"1_2\" _builder_version=\"4.6.6\" _module_preset=\"default\"][et_pb_image src=\"https:\/\/produktion-besser-machen.de\/wp-content\/uploads\/2020\/11\/LUP_Logo_deutsch_weiss.png\" title_text=\"LUP_Logo_deutsch_weiss\" align=\"right\" _builder_version=\"4.6.6\" _module_preset=\"default\" width=\"30%\"][\/et_pb_image][\/et_pb_column][et_pb_column type=\"1_2\" _builder_version=\"4.6.6\" _module_preset=\"default\"][et_pb_image src=\"https:\/\/produktion-besser-machen.de\/wp-content\/uploads\/2020\/11\/ipa_85mm_weiss.png\" title_text=\"ipa_85mm_weiss\" _builder_version=\"4.6.6\" _module_preset=\"default\" width=\"30%\"][\/et_pb_image][\/et_pb_column][\/et_pb_row][\/et_pb_section]<\/p>","_et_gb_content_width":"","footnotes":""},"class_list":["post-386","page","type-page","status-publish","hentry"],"yoast_head":"<!-- This site is optimized with the Yoast SEO plugin v24.9 - https:\/\/yoast.com\/wordpress\/plugins\/seo\/ -->\n<title>Impressum - Produktion.Besser.Machen.<\/title>\n<meta name=\"robots\" content=\"index, follow, max-snippet:-1, max-image-preview:large, max-video-preview:-1\" \/>\n<link rel=\"canonical\" href=\"https:\/\/produktion-besser-machen.de\/?page_id=386\" \/>\n<meta property=\"og:locale\" content=\"de_DE\" \/>\n<meta property=\"og:type\" content=\"article\" \/>\n<meta property=\"og:title\" content=\"Impressum - Produktion.Besser.Machen.\" \/>\n<meta property=\"og:description\" content=\"Impressum Fraunhofer-Instituts f\u00fcr Produktionstechnik und Automatisierung IPANobelstr. 1270569 Stuttgart ist eine rechtlich nicht selbstst\u00e4ndige Einrichtung der Fraunhofer-Gesellschaftzur F\u00f6rderung der angewandten Forschung e.V.Hansastra\u00dfe 27 c80686 M\u00fcnchenInternet: www.fraunhofer.deE-Mail: info(at)zv.fraunhofer.de Verantwortlicher RedakteurProf. Dr.-Ing. Frank D\u00f6pperKontakt Umsatzsteuer-Identifikationsnummer gem\u00e4\u00df \u00a7 27 aUmsatzsteuergesetz: DE 129515865RegistergerichtAmtsgericht M\u00fcnchenEingetragener VereinRegister-Nr. VR 4461 VorstandProf. Dr.-Ing. Reimund Neugebauer, Pr\u00e4sident, Unternehmenspolitik und ForschungProf. Dr. Ralf Boris Wehrspohn,\u00a0Technologiemarketing [&hellip;]\" \/>\n<meta property=\"og:url\" content=\"https:\/\/produktion-besser-machen.de\/?page_id=386\" \/>\n<meta property=\"og:site_name\" content=\"Produktion.Besser.Machen.\" \/>\n<meta property=\"article:modified_time\" content=\"2025-07-16T10:54:18+00:00\" \/>\n<meta name=\"twitter:card\" content=\"summary_large_image\" \/>\n<meta name=\"twitter:label1\" content=\"Gesch\u00e4tzte Lesezeit\" \/>\n\t<meta name=\"twitter:data1\" content=\"3\u00a0Minuten\" \/>\n<script type=\"application\/ld+json\" class=\"yoast-schema-graph\">{\"@context\":\"https:\/\/schema.org\",\"@graph\":[{\"@type\":\"WebPage\",\"@id\":\"https:\/\/produktion-besser-machen.de\/?page_id=386\",\"url\":\"https:\/\/produktion-besser-machen.de\/?page_id=386\",\"name\":\"Impressum - Produktion.Besser.Machen.\",\"isPartOf\":{\"@id\":\"https:\/\/produktion-besser-machen.de\/#website\"},\"datePublished\":\"2020-12-25T08:16:41+00:00\",\"dateModified\":\"2025-07-16T10:54:18+00:00\",\"breadcrumb\":{\"@id\":\"https:\/\/produktion-besser-machen.de\/?page_id=386#breadcrumb\"},\"inLanguage\":\"de\",\"potentialAction\":[{\"@type\":\"ReadAction\",\"target\":[\"https:\/\/produktion-besser-machen.de\/?page_id=386\"]}]},{\"@type\":\"BreadcrumbList\",\"@id\":\"https:\/\/produktion-besser-machen.de\/?page_id=386#breadcrumb\",\"itemListElement\":[{\"@type\":\"ListItem\",\"position\":1,\"name\":\"Startseite\",\"item\":\"https:\/\/produktion-besser-machen.de\/\"},{\"@type\":\"ListItem\",\"position\":2,\"name\":\"Impressum\"}]},{\"@type\":\"WebSite\",\"@id\":\"https:\/\/produktion-besser-machen.de\/#website\",\"url\":\"https:\/\/produktion-besser-machen.de\/\",\"name\":\"Produktion.Besser.Machen.\",\"description\":\"Forschung und Beratung aus Bayreuth\",\"potentialAction\":[{\"@type\":\"SearchAction\",\"target\":{\"@type\":\"EntryPoint\",\"urlTemplate\":\"https:\/\/produktion-besser-machen.de\/?s={search_term_string}\"},\"query-input\":{\"@type\":\"PropertyValueSpecification\",\"valueRequired\":true,\"valueName\":\"search_term_string\"}}],\"inLanguage\":\"de\"}]}<\/script>\n<!-- \/ Yoast SEO plugin. -->","yoast_head_json":{"title":"Impressum - Produktion.Besser.Machen.","robots":{"index":"index","follow":"follow","max-snippet":"max-snippet:-1","max-image-preview":"max-image-preview:large","max-video-preview":"max-video-preview:-1"},"canonical":"https:\/\/produktion-besser-machen.de\/?page_id=386","og_locale":"de_DE","og_type":"article","og_title":"Impressum - Produktion.Besser.Machen.","og_description":"Impressum Fraunhofer-Instituts f\u00fcr Produktionstechnik und Automatisierung IPANobelstr. 1270569 Stuttgart ist eine rechtlich nicht selbstst\u00e4ndige Einrichtung der Fraunhofer-Gesellschaftzur F\u00f6rderung der angewandten Forschung e.V.Hansastra\u00dfe 27 c80686 M\u00fcnchenInternet: www.fraunhofer.deE-Mail: info(at)zv.fraunhofer.de Verantwortlicher RedakteurProf. Dr.-Ing. Frank D\u00f6pperKontakt Umsatzsteuer-Identifikationsnummer gem\u00e4\u00df \u00a7 27 aUmsatzsteuergesetz: DE 129515865RegistergerichtAmtsgericht M\u00fcnchenEingetragener VereinRegister-Nr. VR 4461 VorstandProf. Dr.-Ing. Reimund Neugebauer, Pr\u00e4sident, Unternehmenspolitik und ForschungProf. Dr. Ralf Boris Wehrspohn,\u00a0Technologiemarketing [&hellip;]","og_url":"https:\/\/produktion-besser-machen.de\/?page_id=386","og_site_name":"Produktion.Besser.Machen.","article_modified_time":"2025-07-16T10:54:18+00:00","twitter_card":"summary_large_image","twitter_misc":{"Gesch\u00e4tzte Lesezeit":"3\u00a0Minuten"},"schema":{"@context":"https:\/\/schema.org","@graph":[{"@type":"WebPage","@id":"https:\/\/produktion-besser-machen.de\/?page_id=386","url":"https:\/\/produktion-besser-machen.de\/?page_id=386","name":"Impressum - Produktion.Besser.Machen.","isPartOf":{"@id":"https:\/\/produktion-besser-machen.de\/#website"},"datePublished":"2020-12-25T08:16:41+00:00","dateModified":"2025-07-16T10:54:18+00:00","breadcrumb":{"@id":"https:\/\/produktion-besser-machen.de\/?page_id=386#breadcrumb"},"inLanguage":"de","potentialAction":[{"@type":"ReadAction","target":["https:\/\/produktion-besser-machen.de\/?page_id=386"]}]},{"@type":"BreadcrumbList","@id":"https:\/\/produktion-besser-machen.de\/?page_id=386#breadcrumb","itemListElement":[{"@type":"ListItem","position":1,"name":"Startseite","item":"https:\/\/produktion-besser-machen.de\/"},{"@type":"ListItem","position":2,"name":"Impressum"}]},{"@type":"WebSite","@id":"https:\/\/produktion-besser-machen.de\/#website","url":"https:\/\/produktion-besser-machen.de\/","name":"Produktion.Besser.Machen.","description":"Forschung und Beratung aus Bayreuth","potentialAction":[{"@type":"SearchAction","target":{"@type":"EntryPoint","urlTemplate":"https:\/\/produktion-besser-machen.de\/?s={search_term_string}"},"query-input":{"@type":"PropertyValueSpecification","valueRequired":true,"valueName":"search_term_string"}}],"inLanguage":"de"}]}},"_links":{"self":[{"href":"https:\/\/produktion-besser-machen.de\/index.php?rest_route=\/wp\/v2\/pages\/386","targetHints":{"allow":["GET"]}}],"collection":[{"href":"https:\/\/produktion-besser-machen.de\/index.php?rest_route=\/wp\/v2\/pages"}],"about":[{"href":"https:\/\/produktion-besser-machen.de\/index.php?rest_route=\/wp\/v2\/types\/page"}],"author":[{"embeddable":true,"href":"https:\/\/produktion-besser-machen.de\/index.php?rest_route=\/wp\/v2\/users\/2"}],"replies":[{"embeddable":true,"href":"https:\/\/produktion-besser-machen.de\/index.php?rest_route=%2Fwp%2Fv2%2Fcomments&post=386"}],"version-history":[{"count":11,"href":"https:\/\/produktion-besser-machen.de\/index.php?rest_route=\/wp\/v2\/pages\/386\/revisions"}],"predecessor-version":[{"id":1245,"href":"https:\/\/produktion-besser-machen.de\/index.php?rest_route=\/wp\/v2\/pages\/386\/revisions\/1245"}],"wp:attachment":[{"href":"https:\/\/produktion-besser-machen.de\/index.php?rest_route=%2Fwp%2Fv2%2Fmedia&parent=386"}],"curies":[{"name":"wp","href":"https:\/\/api.w.org\/{rel}","templated":true}]}}